{"id":289,"date":"2024-08-14T15:31:41","date_gmt":"2024-08-14T15:31:41","guid":{"rendered":"https:\/\/unimode.hu\/isb\/?post_type=product&#038;p=289"},"modified":"2026-04-16T17:05:38","modified_gmt":"2026-04-16T17:05:38","slug":"blue-isb-hoodie","status":"publish","type":"product","link":"https:\/\/unimode.hu\/isb\/termek\/blue-isb-hoodie\/","title":{"rendered":"Blue ISB hoodie"},"content":{"rendered":"<p><a href=\"https:\/\/unimode.hu\/isb\/wp-content\/uploads\/2024\/08\/hoodiemeretek.png\"><img loading=\"lazy\" decoding=\"async\" class=\"alignnone size-full wp-image-1466\" src=\"https:\/\/unimode.hu\/isb\/wp-content\/uploads\/2024\/08\/hoodiemeretek.png\" alt=\"\" width=\"1388\" height=\"232\" srcset=\"https:\/\/unimode.hu\/isb\/wp-content\/uploads\/2024\/08\/hoodiemeretek.png 1388w, https:\/\/unimode.hu\/isb\/wp-content\/uploads\/2024\/08\/hoodiemeretek-300x50.png 300w, https:\/\/unimode.hu\/isb\/wp-content\/uploads\/2024\/08\/hoodiemeretek-1030x172.png 1030w, https:\/\/unimode.hu\/isb\/wp-content\/uploads\/2024\/08\/hoodiemeretek-768x128.png 768w, https:\/\/unimode.hu\/isb\/wp-content\/uploads\/2024\/08\/hoodiemeretek-705x118.png 705w, https:\/\/unimode.hu\/isb\/wp-content\/uploads\/2024\/08\/hoodiemeretek-450x75.png 450w, https:\/\/unimode.hu\/isb\/wp-content\/uploads\/2024\/08\/hoodiemeretek-600x100.png 600w\" sizes=\"auto, (max-width: 1388px) 100vw, 1388px\" \/><\/a><\/p>\n<p><strong>F\u0151 tulajdons\u00e1gok<\/strong><\/p>\n<ul>\n<li>280 g\/m2<\/li>\n<li>80% gy\u0171r\u0171s fon\u00e1s\u00fa pamut \/ 20% poli\u00e9szter<\/li>\n<li>Hagyom\u00e1nyos szab\u00e1s<\/li>\n<li>V\u00e9gig cipz\u00e1ras kapucnis pul\u00f3ver<\/li>\n<li>Saj\u00e1t anyag\u00e1val fedett YKK cipz\u00e1r<\/li>\n<li>Dupla t\u0171z\u00e9s\u0171 kivitel<\/li>\n<li>Dupla anyag\u00fa kapucni<\/li>\n<li>Kenguruzsebek<\/li>\n<li>Bolyhozott bels\u0151<\/li>\n<li>Bord\u00e1zott mandzsetta \u00e9s szeg\u00e9ly<\/li>\n<li>H\u00faz\u00f3zsin\u00f3r n\u00e9lk\u00fcl,hogy megfeleljen az uni\u00f3s rendeletnek<\/li>\n<li>Kit\u00e9phet\u0151 c\u00edmke<\/li>\n<li>100% pamut fel\u00fclet\u0171 sz\u00f6vet<\/li>\n<\/ul>\n","protected":false},"excerpt":{"rendered":"<div class=\"woocommerce-product-details__short-description\">\n<p><strong>ISB Light Blue hoodie (size XS-XL) ON SALE!<\/strong><\/p>\n<\/div>\n<p><strong>NEW ITEM<\/strong><\/p>\n<p>Primary Light Blue Zoodie<\/p>\n<p><strong>10 990 Ft<\/strong><\/p>\n<p><span style=\"color: #ff0000;\">Please note that you are not able to order new items, until the current one is still available and in stock. Stocks are being filled up constantly once a size or item run out. Until, you can order only the current uniforms.<\/span><\/p>\n","protected":false},"featured_media":1233,"template":"","meta":[],"product_brand":[],"product_cat":[57,56,119,55],"product_tag":[],"class_list":{"0":"post-289","1":"product","2":"type-product","3":"status-publish","4":"has-post-thumbnail","6":"product_cat-boys","7":"product_cat-girls","8":"product_cat-on-sale","9":"product_cat-primary","11":"first","12":"instock","13":"taxable","14":"shipping-taxable","15":"purchasable","16":"product-type-variable"},"yoast_head":"<!-- This site is optimized with the Yoast SEO plugin v27.0 - https:\/\/yoast.com\/product\/yoast-seo-wordpress\/ -->\n<title>Blue ISB hoodie - International School of Budapest<\/title>\n<meta name=\"robots\" content=\"index, follow, max-snippet:-1, max-image-preview:large, max-video-preview:-1\" \/>\n<link rel=\"canonical\" href=\"https:\/\/unimode.hu\/isb\/termek\/blue-isb-hoodie\/\" \/>\n<meta property=\"og:locale\" content=\"en_US\" \/>\n<meta property=\"og:type\" content=\"article\" \/>\n<meta property=\"og:title\" content=\"Blue ISB hoodie - International School of Budapest\" \/>\n<meta property=\"og:description\" content=\"ISB Light Blue hoodie (size XS-XL) ON SALE!   NEW ITEM  Primary Light Blue Zoodie  10 990 Ft  Please note that you are not able to order new items, until the current one is still available and in stock. Stocks are being filled up constantly once a size or item run out. Until, you can order only the current uniforms.\" \/>\n<meta property=\"og:url\" content=\"https:\/\/unimode.hu\/isb\/termek\/blue-isb-hoodie\/\" \/>\n<meta property=\"og:site_name\" content=\"International School of Budapest\" \/>\n<meta property=\"article:modified_time\" content=\"2026-04-16T17:05:38+00:00\" \/>\n<meta property=\"og:image\" content=\"https:\/\/unimode.hu\/isb\/wp-content\/uploads\/2024\/08\/lightbluehoodie.jpg\" \/>\n\t<meta property=\"og:image:width\" content=\"450\" \/>\n\t<meta property=\"og:image:height\" content=\"450\" \/>\n\t<meta property=\"og:image:type\" content=\"image\/jpeg\" \/>\n<meta name=\"twitter:card\" content=\"summary_large_image\" \/>\n<script type=\"application\/ld+json\" class=\"yoast-schema-graph\">{\"@context\":\"https:\/\/schema.org\",\"@graph\":[{\"@type\":\"WebPage\",\"@id\":\"https:\/\/unimode.hu\/isb\/termek\/blue-isb-hoodie\/\",\"url\":\"https:\/\/unimode.hu\/isb\/termek\/blue-isb-hoodie\/\",\"name\":\"Blue ISB hoodie - International School of Budapest\",\"isPartOf\":{\"@id\":\"https:\/\/unimode.hu\/isb\/#website\"},\"primaryImageOfPage\":{\"@id\":\"https:\/\/unimode.hu\/isb\/termek\/blue-isb-hoodie\/#primaryimage\"},\"image\":{\"@id\":\"https:\/\/unimode.hu\/isb\/termek\/blue-isb-hoodie\/#primaryimage\"},\"thumbnailUrl\":\"https:\/\/unimode.hu\/isb\/wp-content\/uploads\/2024\/08\/lightbluehoodie.jpg\",\"datePublished\":\"2024-08-14T15:31:41+00:00\",\"dateModified\":\"2026-04-16T17:05:38+00:00\",\"breadcrumb\":{\"@id\":\"https:\/\/unimode.hu\/isb\/termek\/blue-isb-hoodie\/#breadcrumb\"},\"inLanguage\":\"en-US\",\"potentialAction\":[{\"@type\":\"ReadAction\",\"target\":[\"https:\/\/unimode.hu\/isb\/termek\/blue-isb-hoodie\/\"]}]},{\"@type\":\"ImageObject\",\"inLanguage\":\"en-US\",\"@id\":\"https:\/\/unimode.hu\/isb\/termek\/blue-isb-hoodie\/#primaryimage\",\"url\":\"https:\/\/unimode.hu\/isb\/wp-content\/uploads\/2024\/08\/lightbluehoodie.jpg\",\"contentUrl\":\"https:\/\/unimode.hu\/isb\/wp-content\/uploads\/2024\/08\/lightbluehoodie.jpg\",\"width\":450,\"height\":450,\"caption\":\"Blue ISB hoodie\"},{\"@type\":\"BreadcrumbList\",\"@id\":\"https:\/\/unimode.hu\/isb\/termek\/blue-isb-hoodie\/#breadcrumb\",\"itemListElement\":[{\"@type\":\"ListItem\",\"position\":1,\"name\":\"Kezd\u0151lap\",\"item\":\"https:\/\/unimode.hu\/isb\/home\/\"},{\"@type\":\"ListItem\",\"position\":2,\"name\":\"Shop\",\"item\":\"https:\/\/unimode.hu\/isb\/shop\/\"},{\"@type\":\"ListItem\",\"position\":3,\"name\":\"Blue ISB hoodie\"}]},{\"@type\":\"WebSite\",\"@id\":\"https:\/\/unimode.hu\/isb\/#website\",\"url\":\"https:\/\/unimode.hu\/isb\/\",\"name\":\"International School of Budapest\",\"description\":\"\",\"potentialAction\":[{\"@type\":\"SearchAction\",\"target\":{\"@type\":\"EntryPoint\",\"urlTemplate\":\"https:\/\/unimode.hu\/isb\/?s={search_term_string}\"},\"query-input\":{\"@type\":\"PropertyValueSpecification\",\"valueRequired\":true,\"valueName\":\"search_term_string\"}}],\"inLanguage\":\"en-US\"}]}<\/script>\n<!-- \/ Yoast SEO plugin. -->","yoast_head_json":{"title":"Blue ISB hoodie - International School of Budapest","robots":{"index":"index","follow":"follow","max-snippet":"max-snippet:-1","max-image-preview":"max-image-preview:large","max-video-preview":"max-video-preview:-1"},"canonical":"https:\/\/unimode.hu\/isb\/termek\/blue-isb-hoodie\/","og_locale":"en_US","og_type":"article","og_title":"Blue ISB hoodie - International School of Budapest","og_description":"ISB Light Blue hoodie (size XS-XL) ON SALE!   NEW ITEM  Primary Light Blue Zoodie  10 990 Ft  Please note that you are not able to order new items, until the current one is still available and in stock. Stocks are being filled up constantly once a size or item run out. Until, you can order only the current uniforms.","og_url":"https:\/\/unimode.hu\/isb\/termek\/blue-isb-hoodie\/","og_site_name":"International School of Budapest","article_modified_time":"2026-04-16T17:05:38+00:00","og_image":[{"width":450,"height":450,"url":"https:\/\/unimode.hu\/isb\/wp-content\/uploads\/2024\/08\/lightbluehoodie.jpg","type":"image\/jpeg"}],"twitter_card":"summary_large_image","schema":{"@context":"https:\/\/schema.org","@graph":[{"@type":"WebPage","@id":"https:\/\/unimode.hu\/isb\/termek\/blue-isb-hoodie\/","url":"https:\/\/unimode.hu\/isb\/termek\/blue-isb-hoodie\/","name":"Blue ISB hoodie - International School of Budapest","isPartOf":{"@id":"https:\/\/unimode.hu\/isb\/#website"},"primaryImageOfPage":{"@id":"https:\/\/unimode.hu\/isb\/termek\/blue-isb-hoodie\/#primaryimage"},"image":{"@id":"https:\/\/unimode.hu\/isb\/termek\/blue-isb-hoodie\/#primaryimage"},"thumbnailUrl":"https:\/\/unimode.hu\/isb\/wp-content\/uploads\/2024\/08\/lightbluehoodie.jpg","datePublished":"2024-08-14T15:31:41+00:00","dateModified":"2026-04-16T17:05:38+00:00","breadcrumb":{"@id":"https:\/\/unimode.hu\/isb\/termek\/blue-isb-hoodie\/#breadcrumb"},"inLanguage":"en-US","potentialAction":[{"@type":"ReadAction","target":["https:\/\/unimode.hu\/isb\/termek\/blue-isb-hoodie\/"]}]},{"@type":"ImageObject","inLanguage":"en-US","@id":"https:\/\/unimode.hu\/isb\/termek\/blue-isb-hoodie\/#primaryimage","url":"https:\/\/unimode.hu\/isb\/wp-content\/uploads\/2024\/08\/lightbluehoodie.jpg","contentUrl":"https:\/\/unimode.hu\/isb\/wp-content\/uploads\/2024\/08\/lightbluehoodie.jpg","width":450,"height":450,"caption":"Blue ISB hoodie"},{"@type":"BreadcrumbList","@id":"https:\/\/unimode.hu\/isb\/termek\/blue-isb-hoodie\/#breadcrumb","itemListElement":[{"@type":"ListItem","position":1,"name":"Kezd\u0151lap","item":"https:\/\/unimode.hu\/isb\/home\/"},{"@type":"ListItem","position":2,"name":"Shop","item":"https:\/\/unimode.hu\/isb\/shop\/"},{"@type":"ListItem","position":3,"name":"Blue ISB hoodie"}]},{"@type":"WebSite","@id":"https:\/\/unimode.hu\/isb\/#website","url":"https:\/\/unimode.hu\/isb\/","name":"International School of Budapest","description":"","potentialAction":[{"@type":"SearchAction","target":{"@type":"EntryPoint","urlTemplate":"https:\/\/unimode.hu\/isb\/?s={search_term_string}"},"query-input":{"@type":"PropertyValueSpecification","valueRequired":true,"valueName":"search_term_string"}}],"inLanguage":"en-US"}]}},"_links":{"self":[{"href":"https:\/\/unimode.hu\/isb\/wp-json\/wp\/v2\/product\/289","targetHints":{"allow":["GET"]}}],"collection":[{"href":"https:\/\/unimode.hu\/isb\/wp-json\/wp\/v2\/product"}],"about":[{"href":"https:\/\/unimode.hu\/isb\/wp-json\/wp\/v2\/types\/product"}],"wp:featuredmedia":[{"embeddable":true,"href":"https:\/\/unimode.hu\/isb\/wp-json\/wp\/v2\/media\/1233"}],"wp:attachment":[{"href":"https:\/\/unimode.hu\/isb\/wp-json\/wp\/v2\/media?parent=289"}],"wp:term":[{"taxonomy":"product_brand","embeddable":true,"href":"https:\/\/unimode.hu\/isb\/wp-json\/wp\/v2\/product_brand?post=289"},{"taxonomy":"product_cat","embeddable":true,"href":"https:\/\/unimode.hu\/isb\/wp-json\/wp\/v2\/product_cat?post=289"},{"taxonomy":"product_tag","embeddable":true,"href":"https:\/\/unimode.hu\/isb\/wp-json\/wp\/v2\/product_tag?post=289"}],"curies":[{"name":"wp","href":"https:\/\/api.w.org\/{rel}","templated":true}]}}